{"id":10,"date":"2021-02-11T23:01:01","date_gmt":"2021-02-11T22:01:01","guid":{"rendered":"http:\/\/monvillage.savesdesign.fr\/?page_id=10"},"modified":"2021-02-15T22:24:10","modified_gmt":"2021-02-15T21:24:10","slug":"annuaire","status":"publish","type":"page","link":"http:\/\/monvillage.savesdesign.fr\/index.php\/annuaire\/","title":{"rendered":"Annuaire"},"content":{"rendered":"\t\t<div data-elementor-type=\"wp-page\" data-elementor-id=\"10\" class=\"elementor elementor-10\" data-elementor-settings=\"[]\">\n\t\t\t\t\t\t\t<div class=\"elementor-section-wrap\">\n\t\t\t\t\t\t\t<section data-particle_enable=\"false\" data-particle-mobile-disabled=\"false\" class=\"elementor-section elementor-top-section elementor-element elementor-element-06cffa3 elementor-section-boxed elementor-section-height-default elementor-section-height-default\" data-id=\"06cffa3\" data-element_type=\"section\">\n\t\t\t\t\t\t<div class=\"elementor-container elementor-column-gap-default\">\n\t\t\t\t\t<div class=\"elementor-column elementor-col-100 elementor-top-column elementor-element elementor-element-9142d8f\" data-id=\"9142d8f\" data-element_type=\"column\">\n\t\t\t<div class=\"elementor-widget-wrap elementor-element-populated\">\n\t\t\t\t\t\t\t\t<div class=\"elementor-element elementor-element-ea2737f elementor-widget elementor-widget-text-editor\" data-id=\"ea2737f\" data-element_type=\"widget\" data-widget_type=\"text-editor.default\">\n\t\t\t\t<div class=\"elementor-widget-container\">\n\t\t\t\t\t<div class=\"elementor-text-editor elementor-clearfix\"><p>INFO : La page annuaire regroupe les articles typ\u00e9s &#8220;Annuaire&#8221;. Ces derniers peuvent \u00eatre diff\u00e9renci\u00e9s par de des \u00e9tiquettes th\u00e9matiques qui peuvent \u00eatre utilis\u00e9es pour le tri et \u00e0 la pr\u00e9sentation.<\/p><\/div>\n\t\t\t\t<\/div>\n\t\t\t\t<\/div>\n\t\t\t\t<div class=\"elementor-element elementor-element-6f5ea12 elementor-widget elementor-widget-lae-posts-multislider\" data-id=\"6f5ea12\" data-element_type=\"widget\" data-widget_type=\"lae-posts-multislider.default\">\n\t\t\t\t<div class=\"elementor-widget-container\">\n\t\t\t\n<div class=\"lae-posts-multislider-wrap\">\n    <div            id=\"lae-posts-multislider-6f5ea12\"\n            class=\"lae-posts-multislider lae-container lae-posts-multislider-style-4\"\n            data-settings='{\"arrows\":true,\"dots\":true,\"autoplay\":true,\"autoplay_speed\":5000,\"animation_speed\":1000,\"pause_on_hover\":true,\"adaptive_height\":true,\"display_columns\":3,\"scroll_columns\":3,\"tablet_width\":800,\"tablet_display_columns\":2,\"tablet_scroll_columns\":2,\"mobile_width\":480,\"mobile_display_columns\":1,\"mobile_scroll_columns\":1}'>\n<div class=\"lae-posts-multislider-item lae-align-left\">\n\n    <article id=\"post-356\"\n             class=\"lae-post-entry post-356 post type-post status-publish format-standard has-post-thumbnail hentry category-annuaire tag-services\">\n\n        \n            \n            \n            \n                <a class=\"lae-post-link\"\n                   href=\"http:\/\/monvillage.savesdesign.fr\/index.php\/2021\/02\/12\/saves-design\/\"\n                   target=\"\">\n                    <div class=\"lae-post-overlay lae-post-featured-img-bg\"\n                         style=\"background-image: url(http:\/\/monvillage.savesdesign.fr\/wp-content\/uploads\/2021\/02\/Savesdesign-Products.png); height: 300px;\"><\/div>\n                <\/a>\n\n            \n            \n                <div class=\"lae-post-text-wrap lae-bottom-entry-text\">\n\n                    <div class=\"lae-post-text\">\n\n                        \n                            <span class=\"lae-terms\"><a href=\"http:\/\/monvillage.savesdesign.fr\/index.php\/tag\/services\/\">Services<\/a><\/span>\n                        \n                        \n                            <h3 class=\"lae-post-title\"><a href=\"http:\/\/monvillage.savesdesign.fr\/index.php\/2021\/02\/12\/saves-design\/\" title=\"Saves design\" rel=\"bookmark\">Saves design<\/a><\/h3>\n                        \n                        \n                            <div class=\"lae-post-meta\">\n\n                                \n                                \n                                \n                            <\/div>\n\n                        \n                        <div class=\"lae-post-content\">\n\n                            \n                                \n<div class=\"lae-post-summary\">\n\n    Sav\u00e8s design est un studio de cr\u00e9ation cr\u00e9\u00e9 en 2021. (Communication, Design Graphique, Sites Internet)\n<\/div>\n                            \n                            \n                                \n                                \n<a class=\"lae-read-more\" href=\"http:\/\/monvillage.savesdesign.fr\/index.php\/2021\/02\/12\/saves-design\/\">Ouvrir Fiche<\/a>\n\n                            \n                        <\/div>\n\n                    <\/div><!-- .lae-post-text -->\n\n                <\/div>\n\n            \n        \n    <\/article><!-- .hentry -->\n\n<\/div><!-- .lae-posts-multislider-item -->\n\n\n\n<div class=\"lae-posts-multislider-item lae-align-left\">\n\n    <article id=\"post-362\"\n             class=\"lae-post-entry post-362 post type-post status-publish format-standard has-post-thumbnail hentry category-annuaire tag-artisanat\">\n\n        \n            \n            \n            \n                <a class=\"lae-post-link\"\n                   href=\"http:\/\/monvillage.savesdesign.fr\/index.php\/2021\/02\/12\/menuiserie\/\"\n                   target=\"\">\n                    <div class=\"lae-post-overlay lae-post-featured-img-bg\"\n                         style=\"background-image: url(http:\/\/monvillage.savesdesign.fr\/wp-content\/uploads\/2021\/02\/Dubois-fils_carte.jpg); height: 300px;\"><\/div>\n                <\/a>\n\n            \n            \n                <div class=\"lae-post-text-wrap lae-bottom-entry-text\">\n\n                    <div class=\"lae-post-text\">\n\n                        \n                            <span class=\"lae-terms\"><a href=\"http:\/\/monvillage.savesdesign.fr\/index.php\/tag\/artisanat\/\">Artisanat<\/a><\/span>\n                        \n                        \n                            <h3 class=\"lae-post-title\"><a href=\"http:\/\/monvillage.savesdesign.fr\/index.php\/2021\/02\/12\/menuiserie\/\" title=\"Menuiserie\" rel=\"bookmark\">Menuiserie<\/a><\/h3>\n                        \n                        \n                            <div class=\"lae-post-meta\">\n\n                                \n                                \n                                \n                            <\/div>\n\n                        \n                        <div class=\"lae-post-content\">\n\n                            \n                                \n<div class=\"lae-post-summary\">\n\n    Ut morbi a vel a hac rutrum pretium nascetur vestibulum nunc nisi a aliquet venenatis velit commodo lectus platea mi litora dapibus.\n<\/div>\n                            \n                            \n                                \n                                \n<a class=\"lae-read-more\" href=\"http:\/\/monvillage.savesdesign.fr\/index.php\/2021\/02\/12\/menuiserie\/\">Ouvrir Fiche<\/a>\n\n                            \n                        <\/div>\n\n                    <\/div><!-- .lae-post-text -->\n\n                <\/div>\n\n            \n        \n    <\/article><!-- .hentry -->\n\n<\/div><!-- .lae-posts-multislider-item -->\n\n\n\n<div class=\"lae-posts-multislider-item lae-align-left\">\n\n    <article id=\"post-381\"\n             class=\"lae-post-entry post-381 post type-post status-publish format-standard has-post-thumbnail hentry category-annuaire tag-sante\">\n\n        \n            \n            \n            \n                <a class=\"lae-post-link\"\n                   href=\"http:\/\/monvillage.savesdesign.fr\/index.php\/2021\/02\/12\/infirmiere\/\"\n                   target=\"\">\n                    <div class=\"lae-post-overlay lae-post-featured-img-bg\"\n                         style=\"background-image: url(http:\/\/monvillage.savesdesign.fr\/wp-content\/uploads\/2021\/02\/infirmiere.jpg); height: 300px;\"><\/div>\n                <\/a>\n\n            \n            \n                <div class=\"lae-post-text-wrap lae-bottom-entry-text\">\n\n                    <div class=\"lae-post-text\">\n\n                        \n                            <span class=\"lae-terms\"><a href=\"http:\/\/monvillage.savesdesign.fr\/index.php\/tag\/sante\/\">Sant\u00e9<\/a><\/span>\n                        \n                        \n                            <h3 class=\"lae-post-title\"><a href=\"http:\/\/monvillage.savesdesign.fr\/index.php\/2021\/02\/12\/infirmiere\/\" title=\"Infirmi\u00e8re\" rel=\"bookmark\">Infirmi\u00e8re<\/a><\/h3>\n                        \n                        \n                            <div class=\"lae-post-meta\">\n\n                                \n                                \n                                \n                            <\/div>\n\n                        \n                        <div class=\"lae-post-content\">\n\n                            \n                                \n<div class=\"lae-post-summary\">\n\n    Ut morbi a vel a hac rutrum pretium nascetur vestibulum nunc nisi a aliquet venenatis velit commodo lectus platea mi litora dapibus.\n<\/div>\n                            \n                            \n                                \n                                \n<a class=\"lae-read-more\" href=\"http:\/\/monvillage.savesdesign.fr\/index.php\/2021\/02\/12\/infirmiere\/\">Ouvrir Fiche<\/a>\n\n                            \n                        <\/div>\n\n                    <\/div><!-- .lae-post-text -->\n\n                <\/div>\n\n            \n        \n    <\/article><!-- .hentry -->\n\n<\/div><!-- .lae-posts-multislider-item -->\n\n\n\n<div class=\"lae-posts-multislider-item lae-align-left\">\n\n    <article id=\"post-383\"\n             class=\"lae-post-entry post-383 post type-post status-publish format-standard has-post-thumbnail hentry category-annuaire tag-education\">\n\n        \n            \n            \n            \n                <a class=\"lae-post-link\"\n                   href=\"http:\/\/monvillage.savesdesign.fr\/index.php\/2021\/02\/12\/musee\/\"\n                   target=\"\">\n                    <div class=\"lae-post-overlay lae-post-featured-img-bg\"\n                         style=\"background-image: url(http:\/\/monvillage.savesdesign.fr\/wp-content\/uploads\/2021\/02\/Capture-de\u0301cran-2021-02-11-a\u0300-23.41.50-1.png); height: 300px;\"><\/div>\n                <\/a>\n\n            \n            \n                <div class=\"lae-post-text-wrap lae-bottom-entry-text\">\n\n                    <div class=\"lae-post-text\">\n\n                        \n                            <span class=\"lae-terms\"><a href=\"http:\/\/monvillage.savesdesign.fr\/index.php\/tag\/education\/\">Education<\/a><\/span>\n                        \n                        \n                            <h3 class=\"lae-post-title\"><a href=\"http:\/\/monvillage.savesdesign.fr\/index.php\/2021\/02\/12\/musee\/\" title=\"Mus\u00e9e\" rel=\"bookmark\">Mus\u00e9e<\/a><\/h3>\n                        \n                        \n                            <div class=\"lae-post-meta\">\n\n                                \n                                \n                                \n                            <\/div>\n\n                        \n                        <div class=\"lae-post-content\">\n\n                            \n                                \n<div class=\"lae-post-summary\">\n\n    Ut morbi a vel a hac rutrum pretium nascetur vestibulum nunc nisi a aliquet venenatis velit commodo lectus platea mi litora dapibus.\n<\/div>\n                            \n                            \n                                \n                                \n<a class=\"lae-read-more\" href=\"http:\/\/monvillage.savesdesign.fr\/index.php\/2021\/02\/12\/musee\/\">Ouvrir Fiche<\/a>\n\n                            \n                        <\/div>\n\n                    <\/div><!-- .lae-post-text -->\n\n                <\/div>\n\n            \n        \n    <\/article><!-- .hentry -->\n\n<\/div><!-- .lae-posts-multislider-item -->\n\n\n\n<div class=\"lae-posts-multislider-item lae-align-left\">\n\n    <article id=\"post-386\"\n             class=\"lae-post-entry post-386 post type-post status-publish format-standard has-post-thumbnail hentry category-annuaire tag-commerce\">\n\n        \n            \n            \n            \n                <a class=\"lae-post-link\"\n                   href=\"http:\/\/monvillage.savesdesign.fr\/index.php\/2020\/06\/12\/brocante\/\"\n                   target=\"\">\n                    <div class=\"lae-post-overlay lae-post-featured-img-bg\"\n                         style=\"background-image: url(http:\/\/monvillage.savesdesign.fr\/wp-content\/uploads\/2021\/02\/CDT32_0047539.jpg); height: 300px;\"><\/div>\n                <\/a>\n\n            \n            \n                <div class=\"lae-post-text-wrap lae-bottom-entry-text\">\n\n                    <div class=\"lae-post-text\">\n\n                        \n                            <span class=\"lae-terms\"><a href=\"http:\/\/monvillage.savesdesign.fr\/index.php\/tag\/commerce\/\">Commerce<\/a><\/span>\n                        \n                        \n                            <h3 class=\"lae-post-title\"><a href=\"http:\/\/monvillage.savesdesign.fr\/index.php\/2020\/06\/12\/brocante\/\" title=\"Brocante\" rel=\"bookmark\">Brocante<\/a><\/h3>\n                        \n                        \n                            <div class=\"lae-post-meta\">\n\n                                \n                                \n                                \n                            <\/div>\n\n                        \n                        <div class=\"lae-post-content\">\n\n                            \n                                \n<div class=\"lae-post-summary\">\n\n    Ut morbi a vel a hac rutrum pretium nascetur vestibulum nunc nisi a aliquet venenatis velit commodo lectus platea mi litora dapibus.\n<\/div>\n                            \n                            \n                                \n                                \n<a class=\"lae-read-more\" href=\"http:\/\/monvillage.savesdesign.fr\/index.php\/2020\/06\/12\/brocante\/\">Ouvrir Fiche<\/a>\n\n                            \n                        <\/div>\n\n                    <\/div><!-- .lae-post-text -->\n\n                <\/div>\n\n            \n        \n    <\/article><!-- .hentry -->\n\n<\/div><!-- .lae-posts-multislider-item -->\n\n\n    <\/div><!-- .lae-posts-multislider -->\n\n<\/div><!-- .lae-posts-multislider-wrap -->\t\t<\/div>\n\t\t\t\t<\/div>\n\t\t\t\t\t<\/div>\n\t\t<\/div>\n\t\t\t\t\t\t\t<\/div>\n\t\t<\/section>\n\t\t\t\t\t\t<\/div>\n\t\t\t\t\t<\/div>\n\t\t","protected":false},"excerpt":{"rendered":"<p>INFO : La page annuaire regroupe les articles typ\u00e9s &#8220;Annuaire&#8221;. Ces derniers peuvent \u00eatre diff\u00e9renci\u00e9s par de des \u00e9tiquettes th\u00e9matiques qui peuvent \u00eatre utilis\u00e9es pour le tri et \u00e0 la pr\u00e9sentation. Services Saves design Sav\u00e8s design est un studio de cr\u00e9ation cr\u00e9\u00e9 en 2021. (Communication, Design Graphique, Sites Internet) Ouvrir Fiche Artisanat Menuiserie Ut morbi &hellip;<\/p>\n<p class=\"read-more\"> <a class=\"\" href=\"http:\/\/monvillage.savesdesign.fr\/index.php\/2020\/06\/12\/brocante\/\"> <span class=\"screen-reader-text\">Brocante<\/span> Read More &raquo;<\/a><\/p>\n","protected":false},"author":1,"featured_media":0,"parent":0,"menu_order":0,"comment_status":"closed","ping_status":"closed","template":"","meta":[],"_links":{"self":[{"href":"http:\/\/monvillage.savesdesign.fr\/index.php\/wp-json\/wp\/v2\/pages\/10"}],"collection":[{"href":"http:\/\/monvillage.savesdesign.fr\/index.php\/wp-json\/wp\/v2\/pages"}],"about":[{"href":"http:\/\/monvillage.savesdesign.fr\/index.php\/wp-json\/wp\/v2\/types\/page"}],"author":[{"embeddable":true,"href":"http:\/\/monvillage.savesdesign.fr\/index.php\/wp-json\/wp\/v2\/users\/1"}],"replies":[{"embeddable":true,"href":"http:\/\/monvillage.savesdesign.fr\/index.php\/wp-json\/wp\/v2\/comments?post=10"}],"version-history":[{"count":40,"href":"http:\/\/monvillage.savesdesign.fr\/index.php\/wp-json\/wp\/v2\/pages\/10\/revisions"}],"predecessor-version":[{"id":851,"href":"http:\/\/monvillage.savesdesign.fr\/index.php\/wp-json\/wp\/v2\/pages\/10\/revisions\/851"}],"wp:attachment":[{"href":"http:\/\/monvillage.savesdesign.fr\/index.php\/wp-json\/wp\/v2\/media?parent=10"}],"curies":[{"name":"wp","href":"https:\/\/api.w.org\/{rel}","templated":true}]}}